{"id":19,"date":"2013-04-14T09:29:51","date_gmt":"2013-04-14T09:29:51","guid":{"rendered":"http:\/\/www.insoftdz.com\/?page_id=19"},"modified":"2013-10-21T21:29:58","modified_gmt":"2013-10-21T21:29:58","slug":"developpement-logiciel","status":"publish","type":"page","link":"http:\/\/www.insoftdz.com\/?page_id=19","title":{"rendered":"D\u00e9veloppement logiciel"},"content":{"rendered":"<p>Le d\u00e9veloppement logiciel est notre fonction premi\u00e8re, nous vous offrons un accompagnement d\u00e8s les premi\u00e8res \u00e9tapes de votre projet jusqu&#8217;\u00e0 la mise en production de votre logiciel.<\/p>\n<p><img decoding=\"async\" style=\"display: block; margin-left: auto; margin-right: auto;\" alt=\"Code Source\" src=\"\/wp-content\/uploads\/2013\/10\/codesource.jpg\" \/><\/p>\n<p>Notre prestation ne se limite pas qu&#8217;\u00e0 la r\u00e9alisation du projet mais commence par l&#8217;audit de votre business et l&#8217;analyse de votre besoin afin de concevoir un outil sur mesure qui r\u00e9pond exactement \u00e0 votre besoin et qui comblera votre manque et augmentera votre rendement.<\/p>\n<p><img decoding=\"async\" style=\"display: block; margin-left: auto; margin-right: auto; width: 500px; height: 300px;\" alt=\"Process dev\" src=\"\/wp-content\/uploads\/2013\/10\/process_organigram.jpg\" \/><\/p>\n<p>Une fois votre outil d\u00e9velopp\u00e9 nous vous offrirons une haute disponibilit\u00e9 pour vos besoin de formation, \u00e9volution et maintenance.<br \/>\n&nbsp;<br \/>\n<img decoding=\"async\" style=\"display: block; margin-left: auto; margin-right: auto;\" alt=\"Code Source\" src=\"\/wp-content\/uploads\/2013\/10\/seviceclient.jpg\" \/><\/p>\n<p>Nos d\u00e9veloppements sont r\u00e9alis\u00e9s avec les derni\u00e8res technologies en respectant les Best Practises du domaine offrant une bonne fiabilit\u00e9 et une haute maintenabilit\u00e9 des logiciels.<\/p>\n","protected":false},"excerpt":{"rendered":"<p>Le d\u00e9veloppement logiciel est notre fonction premi\u00e8re, nous vous offrons un accompagnement d\u00e8s les premi\u00e8res \u00e9tapes de votre projet jusqu&#8217;\u00e0 la mise en production de votre logiciel. Notre prestation ne se limite pas qu&#8217;\u00e0 la r\u00e9alisation du projet mais commence par l&#8217;audit de votre business et l&#8217;analyse de votre besoin afin de concevoir un outil [&hellip;]<\/p>\n","protected":false},"author":1,"featured_media":0,"parent":0,"menu_order":0,"comment_status":"closed","ping_status":"closed","template":"","meta":{"footnotes":""},"class_list":["post-19","page","type-page","status-publish","hentry"],"_links":{"self":[{"href":"http:\/\/www.insoftdz.com\/index.php?rest_route=\/wp\/v2\/pages\/19","targetHints":{"allow":["GET"]}}],"collection":[{"href":"http:\/\/www.insoftdz.com\/index.php?rest_route=\/wp\/v2\/pages"}],"about":[{"href":"http:\/\/www.insoftdz.com\/index.php?rest_route=\/wp\/v2\/types\/page"}],"author":[{"embeddable":true,"href":"http:\/\/www.insoftdz.com\/index.php?rest_route=\/wp\/v2\/users\/1"}],"replies":[{"embeddable":true,"href":"http:\/\/www.insoftdz.com\/index.php?rest_route=%2Fwp%2Fv2%2Fcomments&post=19"}],"version-history":[{"count":25,"href":"http:\/\/www.insoftdz.com\/index.php?rest_route=\/wp\/v2\/pages\/19\/revisions"}],"predecessor-version":[{"id":189,"href":"http:\/\/www.insoftdz.com\/index.php?rest_route=\/wp\/v2\/pages\/19\/revisions\/189"}],"wp:attachment":[{"href":"http:\/\/www.insoftdz.com\/index.php?rest_route=%2Fwp%2Fv2%2Fmedia&parent=19"}],"curies":[{"name":"wp","href":"https:\/\/api.w.org\/{rel}","templated":true}]}}